{"id":11,"date":"2023-10-27T15:36:02","date_gmt":"2023-10-27T13:36:02","guid":{"rendered":"http:\/\/bulgarskiewinnice.pl\/?page_id=11"},"modified":"2023-10-30T15:18:30","modified_gmt":"2023-10-30T14:18:30","slug":"11-2","status":"publish","type":"page","link":"https:\/\/bulgarskiewinnice.pl\/","title":{"rendered":"Magiczna Nizina Tracka"},"content":{"rendered":"\n<figure class=\"wp-block-video aligncenter\"><video height=\"720\" style=\"aspect-ratio: 1280 \/ 720;\" width=\"1280\" autoplay controls loop poster=\"https:\/\/bulgarskiewinnice.pl\/wp-content\/uploads\/2023\/10\/obrazek-film.png\" src=\"https:\/\/bulgarskiewinnice.pl\/wp-content\/uploads\/2023\/10\/Europe-Shares-Baltics-Final-Cut-Polish-Low-Low.mp4\" playsinline><\/video><\/figure>\n\n\n\n<div class=\"wp-block-group alignfull has-background\" style=\"background-color:#e5e9ec\"><div class=\"wp-block-group__inner-container is-layout-flow wp-block-group-is-layout-flow\">\n<div class=\"wp-block-columns is-layout-flex wp-container-core-columns-is-layout-9d6595d7 wp-block-columns-is-layout-flex\">\n<div class=\"wp-block-column is-vertically-aligned-center is-layout-flow wp-block-column-is-layout-flow\">\n<h2 class=\"wp-block-heading\">Historia winiarstwa w Bu\u0142garii<\/h2>\n\n\n\n<p>Uprawa winogron i produkcja wina w Bu\u0142garii ma d\u0142ug\u0105 histori\u0119, si\u0119gaj\u0105c\u0105 czas\u00f3w staro\u017cytnego plemienia Trak\u00f3w. Pierwsze wina na terenie dzisiejszej Bu\u0142garii powstawa\u0142y ju\u017c 4000 lat p.n.e. Staro\u017cytni pisarze okre\u015blali wina z Tracji jako g\u0119ste, s\u0142odkie i aromatyczne.<\/p>\n\n\n\n<p>Za czas\u00f3w Cesarstwa Rzymskiego i pierwszego Kr\u00f3lestwa Bu\u0142garii (681\u20131018 r.) rozw\u00f3j winiarstwa by\u0142 utrudniony ze wzgl\u0119du na zarz\u0105dzenia w\u0142adc\u00f3w dotycz\u0105ce ograniczenia powierzchni upraw, jednak tradycje winiarskie przetrwa\u0142y i by\u0142y kultywowane w kolejnych stuleciach.<\/p>\n\n\n\n<p>W okresie nowo\u017cytnym przemys\u0142 winiarski rozwija\u0142 si\u0119 przez ca\u0142y okres panowania osma\u0144skiego od XIV do XIX wieku, ale prze\u0142omowy rozkwit nast\u0105pi\u0142 dopiero w drugiej po\u0142owie XX wieku. Wtedy Bu\u0142garia sta\u0142a si\u0119 jednym z najwi\u0119kszych producent\u00f3w i eksporter\u00f3w wina na \u015bwiecie.<\/p>\n<\/div>\n\n\n\n<div class=\"wp-block-column is-layout-flow wp-block-column-is-layout-flow\">\n<div style=\"height:48px\" aria-hidden=\"true\" class=\"wp-block-spacer\"><\/div>\n\n\n<div class=\"wp-block-image\">\n<figure class=\"alignright size-full is-resized\"><img fetchpriority=\"high\" decoding=\"async\" width=\"949\" height=\"820\" src=\"http:\/\/bulgarskiewinnice.pl\/wp-content\/uploads\/2023\/10\/Historia-winiarstwa-1.jpg\" alt=\"\" class=\"wp-image-70\" style=\"aspect-ratio:0.981679389312977;width:426px;height:auto\" srcset=\"https:\/\/bulgarskiewinnice.pl\/wp-content\/uploads\/2023\/10\/Historia-winiarstwa-1.jpg 949w, https:\/\/bulgarskiewinnice.pl\/wp-content\/uploads\/2023\/10\/Historia-winiarstwa-1-300x259.jpg 300w, https:\/\/bulgarskiewinnice.pl\/wp-content\/uploads\/2023\/10\/Historia-winiarstwa-1-768x664.jpg 768w\" sizes=\"(max-width: 949px) 100vw, 949px\" \/><\/figure>\n<\/div><\/div>\n<\/div>\n<\/div><\/div>\n\n\n\n<div class=\"wp-block-group alignfull\"><div class=\"wp-block-group__inner-container is-layout-flow wp-block-group-is-layout-flow\">\n<br>\n<\/div><\/div>\n\n\n\n<div class=\"wp-block-group alignfull\"><div class=\"wp-block-group__inner-container is-layout-flow wp-block-group-is-layout-flow\">\n<div class=\"wp-block-columns are-vertically-aligned-center is-layout-flex wp-container-core-columns-is-layout-9d6595d7 wp-block-columns-is-layout-flex\">\n<div class=\"wp-block-column is-vertically-aligned-center is-layout-flow wp-block-column-is-layout-flow\">\n<figure class=\"wp-block-gallery has-nested-images columns-default is-cropped wp-block-gallery-1 is-layout-flex wp-block-gallery-is-layout-flex\"><div class=\"wp-block-image\">\n<figure class=\"alignleft size-full\"><img decoding=\"async\" width=\"770\" height=\"770\" data-id=\"60\" src=\"http:\/\/bulgarskiewinnice.pl\/wp-content\/uploads\/2023\/10\/Regiony-winiarskie-2.jpg\" alt=\"\" class=\"wp-image-60\" srcset=\"https:\/\/bulgarskiewinnice.pl\/wp-content\/uploads\/2023\/10\/Regiony-winiarskie-2.jpg 770w, https:\/\/bulgarskiewinnice.pl\/wp-content\/uploads\/2023\/10\/Regiony-winiarskie-2-300x300.jpg 300w, https:\/\/bulgarskiewinnice.pl\/wp-content\/uploads\/2023\/10\/Regiony-winiarskie-2-150x150.jpg 150w, https:\/\/bulgarskiewinnice.pl\/wp-content\/uploads\/2023\/10\/Regiony-winiarskie-2-768x768.jpg 768w\" sizes=\"(max-width: 770px) 100vw, 770px\" \/><\/figure>\n<\/div><\/figure>\n<\/div>\n\n\n\n<div class=\"wp-block-column is-vertically-aligned-center is-layout-flow wp-block-column-is-layout-flow\">\n<h2 class=\"wp-block-heading\">Regiony winiarskie w Bu\u0142garii<\/h2>\n\n\n\n<p>Nowoczesne winiarstwo w Bu\u0142garii rozwija si\u0119 od lat 60. XX wieku. W\u00f3wczas powsta\u0142 obowi\u0105zuj\u0105cy obecnie podzia\u0142 kraju na 5 g\u0142\u00f3wnych apelacji, wynikaj\u0105cy z r\u00f3\u017cnorodno\u015bci gleb, odmiennych warunk\u00f3w klimatycznych i uprawianych odmian winogron. S\u0105 to: <strong>R\u00f3wnina Dunaju<\/strong> (p\u00f3\u0142nocna Bu\u0142garia), <strong>Morze Czarne<\/strong> (wschodnia Bu\u0142garia), <strong>Dolina R\u00f3\u017c<\/strong> (Ba\u0142kany Po\u0142udniowe), <strong>Nizina Tracka<\/strong> (po\u0142udniowa Bu\u0142garia) i <strong>Dolina Rzeki Strumy<\/strong> (po\u0142udniowo-zachodnia Bu\u0142garia).<\/p>\n\n\n\n<p>W 2005 r. zosta\u0142 ustanowiony podzia\u0142 kraju na 2 obszary produkcji jako\u015bciowych win regionalnych z unijnym certyfikatem ChOG (Chronione Oznaczenie Geograficzne)  &#8211; <strong>R\u00f3wnin\u0119 Dunaju<\/strong> i <strong>Nizin\u0119 Track\u0105<\/strong>. Certyfikaty ChOG  s\u0105 przyznawane produktom regionalnym wyj\u0105tkowej jako\u015bci, o nazwie nawi\u0105zuj\u0105cej do miejsca, w kt\u00f3rym s\u0105 wytwarzane i podkre\u015blaj\u0105cej ich zwi\u0105zek z tym miejscem.<\/p>\n<\/div>\n<\/div>\n<\/div><\/div>\n\n\n\n<div class=\"wp-block-group alignfull has-background\" style=\"background-color:#e5e9ec\"><div class=\"wp-block-group__inner-container is-layout-flow wp-block-group-is-layout-flow\">\n<div class=\"wp-block-columns is-layout-flex wp-container-core-columns-is-layout-9d6595d7 wp-block-columns-is-layout-flex\">\n<div class=\"wp-block-column is-vertically-aligned-center is-layout-flow wp-block-column-is-layout-flow\">\n<h2 class=\"wp-block-heading\">Klimat i rodzaje gleb<\/h2>\n\n\n\n<p>Klimat, gleby i amplitudy temperatur Bu\u0142garii stwarzaj\u0105 doskona\u0142e warunki pogodowe do uprawy doskona\u0142ych winogron i produkcji wina. W Bu\u0142garii panuje klimat mieszany &#8211; morski na wschodzie, kszta\u0142towany przez Morze Czarne, \u015br\u00f3dziemnomorski na po\u0142udniu i kontynentalno-\u015brodkowoeuropejski na p\u00f3\u0142nocy i w centralnej cz\u0119\u015bci kraju.<\/p>\n\n\n\n<p>W Bu\u0142garii gleby s\u0105 zr\u00f3\u017cnicowane w r\u00f3\u017cnych regionach kraju. Wyst\u0119puj\u0105 tu m.in. gleby cynamonowe, humusowo-w\u0119glowe, aluwialno-\u0142\u0105kowe, piaszczyste, a tak\u017ce \u017cyzne czarnoziemy. Ka\u017cda z nich sprzyja rozwojowi winoro\u015bli, dobremu dojrzewaniu winogron i produkcji wysokiej jako\u015bci win czerwonych, r\u00f3\u017cowych i bia\u0142ych.<\/p>\n<\/div>\n\n\n\n<div class=\"wp-block-column is-layout-flow wp-block-column-is-layout-flow\">\n<div style=\"height:48px\" aria-hidden=\"true\" class=\"wp-block-spacer\"><\/div>\n\n\n<div class=\"wp-block-image\">\n<figure class=\"alignright size-full is-resized\"><img decoding=\"async\" width=\"675\" height=\"675\" src=\"http:\/\/bulgarskiewinnice.pl\/wp-content\/uploads\/2023\/10\/Historia-winiarstwa-2-2.jpg\" alt=\"\" class=\"wp-image-67\" style=\"aspect-ratio:0.981679389312977;width:398px;height:auto\" srcset=\"https:\/\/bulgarskiewinnice.pl\/wp-content\/uploads\/2023\/10\/Historia-winiarstwa-2-2.jpg 675w, https:\/\/bulgarskiewinnice.pl\/wp-content\/uploads\/2023\/10\/Historia-winiarstwa-2-2-300x300.jpg 300w, https:\/\/bulgarskiewinnice.pl\/wp-content\/uploads\/2023\/10\/Historia-winiarstwa-2-2-150x150.jpg 150w\" sizes=\"(max-width: 675px) 100vw, 675px\" \/><\/figure>\n<\/div><\/div>\n<\/div>\n<\/div><\/div>\n\n\n\n<div class=\"wp-block-group alignfull\"><div class=\"wp-block-group__inner-container is-layout-flow wp-block-group-is-layout-flow\">\n<br>\n<\/div><\/div>\n\n\n\n<div class=\"wp-block-group alignfull\"><div class=\"wp-block-group__inner-container is-layout-flow wp-block-group-is-layout-flow\">\n<div class=\"wp-block-columns are-vertically-aligned-center is-layout-flex wp-container-core-columns-is-layout-9d6595d7 wp-block-columns-is-layout-flex\">\n<div class=\"wp-block-column is-vertically-aligned-center is-layout-flow wp-block-column-is-layout-flow\">\n<figure class=\"wp-block-gallery has-nested-images columns-default is-cropped wp-block-gallery-2 is-layout-flex wp-block-gallery-is-layout-flex\"><div class=\"wp-block-image\">\n<figure class=\"aligncenter size-full\"><img loading=\"lazy\" decoding=\"async\" width=\"400\" height=\"400\" data-id=\"88\" src=\"http:\/\/bulgarskiewinnice.pl\/wp-content\/uploads\/2023\/10\/Odmiany-winogron-2.jpg\" alt=\"\" class=\"wp-image-88\" srcset=\"https:\/\/bulgarskiewinnice.pl\/wp-content\/uploads\/2023\/10\/Odmiany-winogron-2.jpg 400w, https:\/\/bulgarskiewinnice.pl\/wp-content\/uploads\/2023\/10\/Odmiany-winogron-2-300x300.jpg 300w, https:\/\/bulgarskiewinnice.pl\/wp-content\/uploads\/2023\/10\/Odmiany-winogron-2-150x150.jpg 150w\" sizes=\"(max-width: 400px) 100vw, 400px\" \/><\/figure>\n<\/div><\/figure>\n<\/div>\n\n\n\n<div class=\"wp-block-column is-vertically-aligned-center is-layout-flow wp-block-column-is-layout-flow\">\n<h2 class=\"wp-block-heading\">Najwa\u017cniejsze odmiany winogron<\/h2>\n\n\n\n<p>Tradycyjne bu\u0142garskie odmiany winoro\u015bli, kt\u00f3re s\u0105 najpopularniejsze i uwa\u017cane za najwa\u017cniejsze, to &#8211; ze szczep\u00f3w czerwonych &#8211; <strong>Mavrud<\/strong>, <strong>Pamid<\/strong>, <strong>Gamza<\/strong>, <strong>Ruen<\/strong> i <strong>Melnik<\/strong>, natomiast z winogron bia\u0142ych: <strong>Dimyat<\/strong>, <strong>Vrachanski Misket<\/strong>, <strong>Red Misket<\/strong> i <strong>Keratzuda<\/strong>.<\/p>\n\n\n\n<p>Opr\u00f3cz nich, uprawia si\u0119 wiele mi\u0119dzynarodowych odmian winogron, kt\u00f3re maj\u0105 ogromne znaczenie dla produkcji wina w Bu\u0142garii. S\u0105 to m.in. Chardonnay, Sauvignon Blanc, Grenache Blanc, Ugni Blanc, Muscat Ottonel, Aligote, Traminer, Rkatsiteli, Chenin Blanc, Viognier, Pinot Gris, Riesling, Cabernet Sauvignon, Merlot, Pinot Noir, Cabernet Franc, Sangiovese, Tempranillo, Grenache czy Syrah.<\/p>\n<\/div>\n<\/div>\n<\/div><\/div>\n\n\n\n<BR>\n\n\n\n<hr class=\"wp-block-separator has-alpha-channel-opacity is-style-wide\"\/>\n\n\n\n<h3 class=\"wp-block-heading has-text-align-center\">PARTNERZY<\/h3>\n\n\n<div class=\"n2_clear\"><ss3-force-full-width data-overflow-x=\"body\" data-horizontal-selector=\"body\"><div class=\"n2-section-smartslider fitvidsignore  n2_clear\" data-ssid=\"2\"><div id=\"n2-ss-2-align\" class=\"n2-ss-align\"><div class=\"n2-padding\"><div id=\"n2-ss-2\" data-creator=\"Smart Slider 3\" data-responsive=\"fullwidth\" class=\"n2-ss-slider n2-ow n2-has-hover n2notransition  \">\n        <div class=\"n2-ss-slider-1 n2_ss__touch_element n2-ow\">\n            <div class=\"n2-ss-slider-2 n2-ow\">\n                                                <div class=\"n2-ss-slider-3 n2-ow\">\n\n                    <div class=\"n2-ss-slide-backgrounds n2-ow-all\"><div class=\"n2-ss-slide-background\" data-public-id=\"1\" data-mode=\"fill\"><div data-color=\"RGBA(255,255,255,0)\" style=\"background-color: RGBA(255,255,255,0);\" class=\"n2-ss-slide-background-color\"><\/div><\/div><\/div>                    <div class=\"n2-ss-slider-4 n2-ow\">\n                        <svg xmlns=\"http:\/\/www.w3.org\/2000\/svg\" viewBox=\"0 0 1200 150\" data-related-device=\"desktopPortrait\" class=\"n2-ow n2-ss-preserve-size n2-ss-preserve-size--slider n2-ss-slide-limiter\"><\/svg><div data-first=\"1\" data-slide-duration=\"0\" data-id=\"3\" data-slide-public-id=\"1\" data-title=\"Slide\" class=\"n2-ss-slide n2-ow  n2-ss-slide-3\"><div role=\"note\" class=\"n2-ss-slide--focus\" tabindex=\"-1\">Slide<\/div><div class=\"n2-ss-layers-container n2-ss-slide-limiter n2-ow\"><div class=\"n2-ss-layer n2-ow n-uc-0I6ZZ82sSrtC\" data-sstype=\"slide\" data-pm=\"default\"><div class=\"n2-ss-layer n2-ow n-uc-na73tMo1H9cK\" data-pm=\"default\" data-sstype=\"content\" data-hasbackground=\"0\"><div class=\"n2-ss-section-main-content n2-ss-layer-with-background n2-ss-layer-content n2-ow n-uc-na73tMo1H9cK-inner\"><div class=\"n2-ss-layer n2-ow n2-ss-layer--block n2-ss-has-self-align n-uc-1203ec47ef334\" data-pm=\"normal\" data-sstype=\"row\"><div class=\"n2-ss-layer-row n2-ss-layer-with-background n-uc-1203ec47ef334-inner\"><div class=\"n2-ss-layer-row-inner \"><div class=\"n2-ss-layer n2-ow n-uc-127c87860b4ed\" data-pm=\"default\" data-sstype=\"col\"><div class=\"n2-ss-layer-col n2-ss-layer-with-background n2-ss-layer-content n-uc-127c87860b4ed-inner\"><div class=\"n2-ss-layer n2-ow n-uc-9Cqljz7wQ6dl\" data-pm=\"normal\" data-sstype=\"layer\"><div class=\" n2-ss-item-image-content n2-ss-item-content n2-ow-all\"><a target=\"_blank\" href=\"https:\/\/wineexport.bg\/\"><img loading=\"lazy\" decoding=\"async\" id=\"n2-ss-2item1\" alt=\"\" class=\"skip-lazy\" width=\"800\" height=\"400\" data-skip-lazy=\"1\" src=\"\/\/bulgarskiewinnice.pl\/wp-content\/uploads\/2023\/10\/BWEA-WWW.jpg\" \/><\/a><\/div><\/div><\/div><\/div><div class=\"n2-ss-layer n2-ow n-uc-1388f2985d637\" data-pm=\"default\" data-sstype=\"col\"><div class=\"n2-ss-layer-col n2-ss-layer-with-background n2-ss-layer-content n-uc-1388f2985d637-inner\"><div class=\"n2-ss-layer n2-ow n-uc-c9D1TamWKAAO\" data-pm=\"normal\" data-sstype=\"layer\"><div class=\" n2-ss-item-image-content n2-ss-item-content n2-ow-all\"><a target=\"_blank\" href=\"https:\/\/4public.pl\/4wine-business\/\"><img loading=\"lazy\" decoding=\"async\" id=\"n2-ss-2item2\" alt=\"\" class=\"skip-lazy\" width=\"800\" height=\"400\" data-skip-lazy=\"1\" src=\"\/\/bulgarskiewinnice.pl\/wp-content\/uploads\/2023\/10\/4WINEBUSINESS-WWW.jpg\" \/><\/a><\/div><\/div><\/div><\/div><\/div><\/div><\/div><\/div><\/div><\/div><\/div><\/div>                    <\/div>\n\n                                    <\/div>\n            <\/div>\n        <\/div>\n        <\/div><ss3-loader><\/ss3-loader><\/div><\/div><div class=\"n2_clear\"><\/div><\/div><\/ss3-force-full-width><\/div>","protected":false},"excerpt":{"rendered":"<p>Historia winiarstwa w Bu\u0142garii Uprawa winogron i produkcja wina w Bu\u0142garii ma d\u0142ug\u0105 histori\u0119, si\u0119gaj\u0105c\u0105 czas\u00f3w staro\u017cytnego plemienia Trak\u00f3w. Pierwsze wina na terenie dzisiejszej Bu\u0142garii powstawa\u0142y ju\u017c 4000 lat p.n.e. Staro\u017cytni pisarze okre\u015blali wina z Tracji jako g\u0119ste, s\u0142odkie i aromatyczne. Za czas\u00f3w Cesarstwa Rzymskiego i pierwszego Kr\u00f3lestwa Bu\u0142garii (681\u20131018 r.) rozw\u00f3j winiarstwa by\u0142 utrudniony &hellip; <\/p>\n<p class=\"link-more\"><a href=\"https:\/\/bulgarskiewinnice.pl\/\" class=\"more-link\">Read more<span class=\"screen-reader-text\"> &#8222;Magiczna Nizina Tracka&#8221;<\/span><\/a><\/p>\n","protected":false},"author":1,"featured_media":10,"parent":0,"menu_order":0,"comment_status":"closed","ping_status":"closed","template":"","meta":{"footnotes":""},"class_list":["post-11","page","type-page","status-publish","has-post-thumbnail","hentry"],"yoast_head":"<!-- This site is optimized with the Yoast SEO plugin v21.6 - https:\/\/yoast.com\/wordpress\/plugins\/seo\/ -->\n<title>Magiczna Nizina Tracka - Bu\u0142garskie winnice<\/title>\n<meta name=\"robots\" content=\"index, follow, max-snippet:-1, max-image-preview:large, max-video-preview:-1\" \/>\n<link rel=\"canonical\" href=\"https:\/\/bulgarskiewinnice.pl\/\" \/>\n<meta property=\"og:locale\" content=\"pl_PL\" \/>\n<meta property=\"og:type\" content=\"article\" \/>\n<meta property=\"og:title\" content=\"Magiczna Nizina Tracka - Bu\u0142garskie winnice\" \/>\n<meta property=\"og:description\" content=\"Historia winiarstwa w Bu\u0142garii Uprawa winogron i produkcja wina w Bu\u0142garii ma d\u0142ug\u0105 histori\u0119, si\u0119gaj\u0105c\u0105 czas\u00f3w staro\u017cytnego plemienia Trak\u00f3w. Pierwsze wina na terenie dzisiejszej Bu\u0142garii powstawa\u0142y ju\u017c 4000 lat p.n.e. Staro\u017cytni pisarze okre\u015blali wina z Tracji jako g\u0119ste, s\u0142odkie i aromatyczne. Za czas\u00f3w Cesarstwa Rzymskiego i pierwszego Kr\u00f3lestwa Bu\u0142garii (681\u20131018 r.) rozw\u00f3j winiarstwa by\u0142 utrudniony &hellip; Read more &quot;Magiczna Nizina Tracka&quot;\" \/>\n<meta property=\"og:url\" content=\"https:\/\/bulgarskiewinnice.pl\/\" \/>\n<meta property=\"og:site_name\" content=\"Bu\u0142garskie winnice\" \/>\n<meta property=\"article:modified_time\" content=\"2023-10-30T14:18:30+00:00\" \/>\n<meta property=\"og:image\" content=\"https:\/\/bulgarskiewinnice.pl\/wp-content\/uploads\/2023\/10\/StockSnap_M6D1GS9PSL.jpg\" \/>\n\t<meta property=\"og:image:width\" content=\"2000\" \/>\n\t<meta property=\"og:image:height\" content=\"1317\" \/>\n\t<meta property=\"og:image:type\" content=\"image\/jpeg\" \/>\n<meta name=\"twitter:card\" content=\"summary_large_image\" \/>\n<meta name=\"twitter:label1\" content=\"Szacowany czas czytania\" \/>\n\t<meta name=\"twitter:data1\" content=\"4 minuty\" \/>\n<script type=\"application\/ld+json\" class=\"yoast-schema-graph\">{\"@context\":\"https:\/\/schema.org\",\"@graph\":[{\"@type\":\"WebPage\",\"@id\":\"https:\/\/bulgarskiewinnice.pl\/\",\"url\":\"https:\/\/bulgarskiewinnice.pl\/\",\"name\":\"Magiczna Nizina Tracka - Bu\u0142garskie winnice\",\"isPartOf\":{\"@id\":\"https:\/\/bulgarskiewinnice.pl\/#website\"},\"datePublished\":\"2023-10-27T13:36:02+00:00\",\"dateModified\":\"2023-10-30T14:18:30+00:00\",\"breadcrumb\":{\"@id\":\"https:\/\/bulgarskiewinnice.pl\/#breadcrumb\"},\"inLanguage\":\"pl-PL\",\"potentialAction\":[{\"@type\":\"ReadAction\",\"target\":[\"https:\/\/bulgarskiewinnice.pl\/\"]}]},{\"@type\":\"BreadcrumbList\",\"@id\":\"https:\/\/bulgarskiewinnice.pl\/#breadcrumb\",\"itemListElement\":[{\"@type\":\"ListItem\",\"position\":1,\"name\":\"Home\",\"item\":\"https:\/\/bulgarskiewinnice.pl\/\"},{\"@type\":\"ListItem\",\"position\":2,\"name\":\"Magiczna Nizina Tracka\"}]},{\"@type\":\"WebSite\",\"@id\":\"https:\/\/bulgarskiewinnice.pl\/#website\",\"url\":\"https:\/\/bulgarskiewinnice.pl\/\",\"name\":\"Bu\u0142garskie winnice\",\"description\":\"\",\"potentialAction\":[{\"@type\":\"SearchAction\",\"target\":{\"@type\":\"EntryPoint\",\"urlTemplate\":\"https:\/\/bulgarskiewinnice.pl\/?s={search_term_string}\"},\"query-input\":\"required name=search_term_string\"}],\"inLanguage\":\"pl-PL\"}]}<\/script>\n<!-- \/ Yoast SEO plugin. -->","yoast_head_json":{"title":"Magiczna Nizina Tracka - Bu\u0142garskie winnice","robots":{"index":"index","follow":"follow","max-snippet":"max-snippet:-1","max-image-preview":"max-image-preview:large","max-video-preview":"max-video-preview:-1"},"canonical":"https:\/\/bulgarskiewinnice.pl\/","og_locale":"pl_PL","og_type":"article","og_title":"Magiczna Nizina Tracka - Bu\u0142garskie winnice","og_description":"Historia winiarstwa w Bu\u0142garii Uprawa winogron i produkcja wina w Bu\u0142garii ma d\u0142ug\u0105 histori\u0119, si\u0119gaj\u0105c\u0105 czas\u00f3w staro\u017cytnego plemienia Trak\u00f3w. Pierwsze wina na terenie dzisiejszej Bu\u0142garii powstawa\u0142y ju\u017c 4000 lat p.n.e. Staro\u017cytni pisarze okre\u015blali wina z Tracji jako g\u0119ste, s\u0142odkie i aromatyczne. Za czas\u00f3w Cesarstwa Rzymskiego i pierwszego Kr\u00f3lestwa Bu\u0142garii (681\u20131018 r.) rozw\u00f3j winiarstwa by\u0142 utrudniony &hellip; Read more \"Magiczna Nizina Tracka\"","og_url":"https:\/\/bulgarskiewinnice.pl\/","og_site_name":"Bu\u0142garskie winnice","article_modified_time":"2023-10-30T14:18:30+00:00","og_image":[{"width":2000,"height":1317,"url":"https:\/\/bulgarskiewinnice.pl\/wp-content\/uploads\/2023\/10\/StockSnap_M6D1GS9PSL.jpg","type":"image\/jpeg"}],"twitter_card":"summary_large_image","twitter_misc":{"Szacowany czas czytania":"4 minuty"},"schema":{"@context":"https:\/\/schema.org","@graph":[{"@type":"WebPage","@id":"https:\/\/bulgarskiewinnice.pl\/","url":"https:\/\/bulgarskiewinnice.pl\/","name":"Magiczna Nizina Tracka - Bu\u0142garskie winnice","isPartOf":{"@id":"https:\/\/bulgarskiewinnice.pl\/#website"},"datePublished":"2023-10-27T13:36:02+00:00","dateModified":"2023-10-30T14:18:30+00:00","breadcrumb":{"@id":"https:\/\/bulgarskiewinnice.pl\/#breadcrumb"},"inLanguage":"pl-PL","potentialAction":[{"@type":"ReadAction","target":["https:\/\/bulgarskiewinnice.pl\/"]}]},{"@type":"BreadcrumbList","@id":"https:\/\/bulgarskiewinnice.pl\/#breadcrumb","itemListElement":[{"@type":"ListItem","position":1,"name":"Home","item":"https:\/\/bulgarskiewinnice.pl\/"},{"@type":"ListItem","position":2,"name":"Magiczna Nizina Tracka"}]},{"@type":"WebSite","@id":"https:\/\/bulgarskiewinnice.pl\/#website","url":"https:\/\/bulgarskiewinnice.pl\/","name":"Bu\u0142garskie winnice","description":"","potentialAction":[{"@type":"SearchAction","target":{"@type":"EntryPoint","urlTemplate":"https:\/\/bulgarskiewinnice.pl\/?s={search_term_string}"},"query-input":"required name=search_term_string"}],"inLanguage":"pl-PL"}]}},"_links":{"self":[{"href":"https:\/\/bulgarskiewinnice.pl\/index.php?rest_route=\/wp\/v2\/pages\/11","targetHints":{"allow":["GET"]}}],"collection":[{"href":"https:\/\/bulgarskiewinnice.pl\/index.php?rest_route=\/wp\/v2\/pages"}],"about":[{"href":"https:\/\/bulgarskiewinnice.pl\/index.php?rest_route=\/wp\/v2\/types\/page"}],"author":[{"embeddable":true,"href":"https:\/\/bulgarskiewinnice.pl\/index.php?rest_route=\/wp\/v2\/users\/1"}],"replies":[{"embeddable":true,"href":"https:\/\/bulgarskiewinnice.pl\/index.php?rest_route=%2Fwp%2Fv2%2Fcomments&post=11"}],"version-history":[{"count":101,"href":"https:\/\/bulgarskiewinnice.pl\/index.php?rest_route=\/wp\/v2\/pages\/11\/revisions"}],"predecessor-version":[{"id":188,"href":"https:\/\/bulgarskiewinnice.pl\/index.php?rest_route=\/wp\/v2\/pages\/11\/revisions\/188"}],"wp:featuredmedia":[{"embeddable":true,"href":"https:\/\/bulgarskiewinnice.pl\/index.php?rest_route=\/wp\/v2\/media\/10"}],"wp:attachment":[{"href":"https:\/\/bulgarskiewinnice.pl\/index.php?rest_route=%2Fwp%2Fv2%2Fmedia&parent=11"}],"curies":[{"name":"wp","href":"https:\/\/api.w.org\/{rel}","templated":true}]}}